{"id":15,"date":"2022-02-07T17:13:27","date_gmt":"2022-02-07T16:13:27","guid":{"rendered":"https:\/\/medialatitudes.be\/?page_id=2"},"modified":"2026-01-29T18:28:21","modified_gmt":"2026-01-29T17:28:21","slug":"about","status":"publish","type":"page","link":"https:\/\/medialatitudes.be\/en\/about\/","title":{"rendered":"About"},"content":{"rendered":"<div dir=\"ltr\">\n<div class=\"v1gmail_default\">\n<div class=\"v1gmail_default\">\n<p>LATITUDES is an online media, created in March 2022 in Belgium by the non-profit association En-Gaje and the ULB (French-speaking) and VUB (Dutch-speaking) universities of Brussels. Devoted mainly to the themes of human rights, migration and freedom of expression, its content is produced by exiled journalists, and journalism students from the ULB and the VUB.<\/p>\n<p>The editorial staff of LATITUDES is led by an Editorial Board, made up of members of the three founding organizations and journalists exiled in Belgium.<\/p>\n<hr \/>\n<h3>Editorial Board (in alphabetical order)<\/h3>\n<p><strong>Milan Augustijns <\/strong>, Journalist at Belga Agency (NL), lecturer at VUB<\/p>\n<p><strong>Anthony Bellanger<\/strong>, General Secretary of the International Federation of Journalists, founding member of En-GAJE<\/p>\n<p><strong>Jacques Besnard<\/strong>, Journalist at La Libre Belgique, lecturer at ULB<\/p>\n<p><strong>Jean-Fran\u00e7ois Dumont<\/strong>, Journalist, member of En-GAJE<\/p>\n<p><strong>Alain G\u00e9rard<\/strong>, Freelance journalist, lecturer at ULB, member of En-GAJE and <strong>editor-in-chief<\/strong> of LATITUDES<\/p>\n<p><strong>Tory K\u0131l\u0131\u00e7<\/strong>, Kurdish journalist from Turkey, member of En-GAJE<\/p>\n<p><strong>Florence Le Cam<\/strong>, Journalism Professor at ULB, founding member of En-GAJE<\/p>\n<div class=\"v1gmail_default\">\n<p><strong>Alexandre Niyungeko<\/strong>, Burundian journalist, member of En-GAJE and <strong>editor<\/strong> of LATITUDES<\/p>\n<\/div>\n<p><strong>Lailuma Sadid<\/strong>, Afghan Journalist, member of En-GAJE<\/p>\n<p><strong>Fatimetou Sow<\/strong>, Mauritanian Journalist, president of En-GAJE<\/p>\n<\/div>\n<p><em>The articles in English are edited by journalists from the Brussels branch of the National Union of Journalists (NUJ).<\/em><\/p>\n<\/div>\n<\/div>\n","protected":false},"excerpt":{"rendered":"<p>LATITUDES is an online media, created in March 2022 in Belgium by the non-profit association En-Gaje and the ULB (French-speaking) and VUB (Dutch-speaking) universities of Brussels. Devoted mainly to the [&hellip;]<\/p>\n","protected":false},"author":1,"featured_media":420,"parent":0,"menu_order":0,"comment_status":"closed","ping_status":"open","template":"","meta":{"footnotes":""},"coauthors":[2],"class_list":["post-15","page","type-page","status-publish","has-post-thumbnail","hentry"],"_links":{"self":[{"href":"https:\/\/medialatitudes.be\/en\/wp-json\/wp\/v2\/pages\/15","targetHints":{"allow":["GET"]}}],"collection":[{"href":"https:\/\/medialatitudes.be\/en\/wp-json\/wp\/v2\/pages"}],"about":[{"href":"https:\/\/medialatitudes.be\/en\/wp-json\/wp\/v2\/types\/page"}],"author":[{"embeddable":true,"href":"https:\/\/medialatitudes.be\/en\/wp-json\/wp\/v2\/users\/1"}],"replies":[{"embeddable":true,"href":"https:\/\/medialatitudes.be\/en\/wp-json\/wp\/v2\/comments?post=15"}],"version-history":[{"count":18,"href":"https:\/\/medialatitudes.be\/en\/wp-json\/wp\/v2\/pages\/15\/revisions"}],"predecessor-version":[{"id":3089,"href":"https:\/\/medialatitudes.be\/en\/wp-json\/wp\/v2\/pages\/15\/revisions\/3089"}],"wp:featuredmedia":[{"embeddable":true,"href":"https:\/\/medialatitudes.be\/en\/wp-json\/wp\/v2\/media\/420"}],"wp:attachment":[{"href":"https:\/\/medialatitudes.be\/en\/wp-json\/wp\/v2\/media?parent=15"}],"wp:term":[{"taxonomy":"author","embeddable":true,"href":"https:\/\/medialatitudes.be\/en\/wp-json\/wp\/v2\/coauthors?post=15"}],"curies":[{"name":"wp","href":"https:\/\/api.w.org\/{rel}","templated":true}]}}