{"id":2,"date":"2022-02-10T13:00:58","date_gmt":"2022-02-10T12:00:58","guid":{"rendered":"https:\/\/medialatitudes.be\/nl\/?page_id=2"},"modified":"2026-01-29T18:29:04","modified_gmt":"2026-01-29T17:29:04","slug":"over","status":"publish","type":"page","link":"https:\/\/medialatitudes.be\/nl\/over\/","title":{"rendered":"Over ons"},"content":{"rendered":"<p>LATITUDES is een nieuwsplatform dat in maart 2022 werd gelanceerd in Belgi\u00eb door vzw En-Gaje en de Brusselse Nederlandstalige universiteit VUB en Franstalige universiteit ULB. Het platform brengt vooral thema\u2019s die gelinkt zijn aan mensenrechten, migratie en de vrijheid van meningsuiting. Het wordt gemaakt door journalisten in ballingschap en studenten journalistiek van de VUB en de ULB.<\/p>\n<p>De redactie van LATITUDES wordt begeleid door een redactiecomit\u00e9 dat bestaat uit leden van de drie stichtende organisaties en journalisten in ballingschap in Belgi\u00eb.<\/p>\n<hr \/>\n<h3><strong>Redactiecomit\u00e9 (in alfabetische volgorde)<\/strong><\/h3>\n<p><strong>Milan Augustijns,<\/strong> Journalist bij Belga, gastdocent aan de VUB<\/p>\n<p><strong>Anthony Bellanger,<\/strong> Secretaris-generaal van de Internationale Federatie van Journalisten, stichtend lid van En-GAJE<\/p>\n<p><strong>Jacques Besnard,<\/strong> Journalist bij <em>La Libre Belgique<\/em>, gastdocent aan de ULB<\/p>\n<p><strong>Jean-Fran\u00e7ois Dumont,<\/strong> Journalist, lid van En-GAJE<\/p>\n<p><strong>Alain G\u00e9rard,<\/strong> Freelance journalist, gastdocent aan de ULB, lid van En-GAJE en <strong>hoofdredacteur<\/strong> van <em>LATITUDES<\/em><\/p>\n<p><strong>Tory K\u0131l\u0131\u00e7,<\/strong> Koerdisch journalist uit Turkije, lid van En-GAJE<\/p>\n<p><strong>Florence Le Cam,<\/strong> Docent journalistiek aan de ULB, stichtend lid van En-GAJE<\/p>\n<p><strong>Alexandre Niyungeko,<\/strong> Burundees journalist, lid van En-GAJE, <strong>redacteur<\/strong> bij <em>LATITUDES<\/em><\/p>\n<p><strong>Lailuma Sadid<\/strong>, Afghaans journalist, lid van En-GAJE<\/p>\n<p><strong>Fatimetou Sow<\/strong>, Mauritaanse journalist, voorzitter van En-GAJE<\/p>\n<p><em>De Engelstalige artikelen zijn geredigeerd door journalisten van de Brusselse afdeling van de National Union of Journalists (NUJ).<\/em><\/p>\n","protected":false},"excerpt":{"rendered":"<p>LATITUDES is een nieuwsplatform dat in maart 2022 werd gelanceerd in Belgi\u00eb door vzw En-Gaje en de Brusselse Nederlandstalige universiteit VUB en Franstalige universiteit ULB. Het platform brengt vooral thema\u2019s [&hellip;]<\/p>\n","protected":false},"author":5,"featured_media":326,"parent":0,"menu_order":0,"comment_status":"closed","ping_status":"closed","template":"","meta":{"footnotes":""},"coauthors":[5],"class_list":["post-2","page","type-page","status-publish","has-post-thumbnail","hentry"],"_links":{"self":[{"href":"https:\/\/medialatitudes.be\/nl\/wp-json\/wp\/v2\/pages\/2","targetHints":{"allow":["GET"]}}],"collection":[{"href":"https:\/\/medialatitudes.be\/nl\/wp-json\/wp\/v2\/pages"}],"about":[{"href":"https:\/\/medialatitudes.be\/nl\/wp-json\/wp\/v2\/types\/page"}],"author":[{"embeddable":true,"href":"https:\/\/medialatitudes.be\/nl\/wp-json\/wp\/v2\/users\/5"}],"replies":[{"embeddable":true,"href":"https:\/\/medialatitudes.be\/nl\/wp-json\/wp\/v2\/comments?post=2"}],"version-history":[{"count":17,"href":"https:\/\/medialatitudes.be\/nl\/wp-json\/wp\/v2\/pages\/2\/revisions"}],"predecessor-version":[{"id":1620,"href":"https:\/\/medialatitudes.be\/nl\/wp-json\/wp\/v2\/pages\/2\/revisions\/1620"}],"wp:featuredmedia":[{"embeddable":true,"href":"https:\/\/medialatitudes.be\/nl\/wp-json\/wp\/v2\/media\/326"}],"wp:attachment":[{"href":"https:\/\/medialatitudes.be\/nl\/wp-json\/wp\/v2\/media?parent=2"}],"wp:term":[{"taxonomy":"author","embeddable":true,"href":"https:\/\/medialatitudes.be\/nl\/wp-json\/wp\/v2\/coauthors?post=2"}],"curies":[{"name":"wp","href":"https:\/\/api.w.org\/{rel}","templated":true}]}}